{"id":993,"date":"2018-08-11T15:37:25","date_gmt":"2018-08-11T15:37:25","guid":{"rendered":"http:\/\/vavenue.lifeis.design\/demos\/vavenue-fragrances\/?post_type=product&#038;p=993"},"modified":"2022-10-09T13:26:06","modified_gmt":"2022-10-09T16:26:06","slug":"luigi-bosca-boheme-brut-nature","status":"publish","type":"product","link":"https:\/\/bellotaycaviar.com\/sitio\/producto\/luigi-bosca-boheme-brut-nature\/","title":{"rendered":"Luigi Bosca Boheme Brut Nature"},"content":{"rendered":"<div class=\"wpb-content-wrapper\"><p>[vc_row full_width=&#8221;stretch_row_content_no_spaces&#8221; equal_height=&#8221;yes&#8221; content_placement=&#8221;middle&#8221; css=&#8221;.vc_custom_1533674328555{margin-top: 50px !important;}&#8221;][vc_column css_animation=&#8221;av5-fadeInLeft-long&#8221; width=&#8221;1\/6&#8243; anim_delay=&#8221;50&#8243; offset=&#8221;vc_hidden-sm vc_hidden-xs&#8221;][vc_single_image image=&#8221;2638&#8243; img_size=&#8221;full&#8221; el_class=&#8221;relative av5-floating-block av5-floating_block_distance&#8211;medium&#8221;][\/vc_column][vc_column width=&#8221;1\/2&#8243; max_width_align=&#8221;centered&#8221; max_width_align_tablet=&#8221;centered&#8221; max_width_align_mobile=&#8221;centered&#8221; max_width_align_small=&#8221;centered&#8221; max_width=&#8221;480px&#8221; css=&#8221;.vc_custom_1534025180785{padding-top: 30px !important;padding-right: 30px !important;padding-bottom: 30px !important;padding-left: 30px !important;}&#8221; offset=&#8221;vc_col-lg-4 vc_col-md-4&#8243; el_class=&#8221;mobile-reorder&#8221;][vc_column_text css_animation=&#8221;av5-fadeInUp-long&#8221;]<\/p>\n<p>[vc_toggle title=&#8221;CRIANZA \/ BARRICADO&#8221; css_animation=&#8221;av5-fadeInUp-long&#8221; custom_font_container=&#8221;tag:h5|text_align:left&#8221; custom_use_theme_fonts=&#8221;yes&#8221; use_custom_heading=&#8221;true&#8221;]Fermentado parcial en barricas de roble franc\u00e9s. [\/vc_toggle]<br \/>\n[vc_toggle title=&#8221;NOTA DE CATA&#8221; css_animation=&#8221;av5-fadeInUp-long&#8221; custom_font_container=&#8221;tag:h5|text_align:left&#8221; custom_use_theme_fonts=&#8221;yes&#8221; use_custom_heading=&#8221;true&#8221;]Combina armon\u00eda y complejidad de manera equilibrada. De finas y persistentes burbujas que se deslizan por la boca acariciando el paladar, deja a su paso recuerdos de frutas maduras, miel y pan tostado. [\/vc_toggle]<br \/>\n[vc_toggle title=&#8221;SUGERENCIAS&#8221; css_animation=&#8221;av5-fadeInUp-long&#8221; custom_font_container=&#8221;tag:h5|text_align:left&#8221; custom_use_theme_fonts=&#8221;yes&#8221; use_custom_heading=&#8221;true&#8221;]<br \/>\nPescados grillados y ahumados, salm\u00f3n rosado, frutos de mar, hojaldre de at\u00fan o verdura, platos vegetarianos, carnes blancas acompa\u00f1adas de arroz, quesos de vaca de pasta semidura como Gruyere, pastas con salsas ligeras a base de crema, platos condimentados con nuez moscada, azafr\u00e1n o pimienta blanca.[\/vc_toggle][\/vc_column]<br \/>\n[vc_column width=&#8221;1\/2&#8243;][vc_single_image image=&#8221;2978&#8243; img_size=&#8221;full&#8221; alignment=&#8221;center&#8221; css_animation=&#8221;av5-fadeInLeft-long&#8221;][\/vc_column][\/vc_row]<\/p>\n<\/div>","protected":false},"excerpt":{"rendered":"<p>CATEGOR\u00cdA: Espumantes<br \/>\nPRODUCTOR: Luigi Bosca<br \/>\nTIPO: Espumante<br \/>\nVARIEDAD: Brut Nature<br \/>\nCORTE: 60% Pinot Noir y Pinot Meunier | 40% Chardonnay<br \/>\nALCOHOL: 13,5%<\/p>\n","protected":false},"featured_media":2977,"comment_status":"closed","ping_status":"closed","template":"","meta":{"_themeisle_gutenberg_block_has_review":false},"product_brand":[],"product_cat":[47],"product_tag":[],"class_list":{"0":"post-993","1":"product","2":"type-product","3":"status-publish","4":"has-post-thumbnail","6":"product_cat-champagne-vinos","8":"first","9":"instock","10":"shipping-taxable","11":"product-type-simple"},"_links":{"self":[{"href":"https:\/\/bellotaycaviar.com\/sitio\/wp-json\/wp\/v2\/product\/993","targetHints":{"allow":["GET"]}}],"collection":[{"href":"https:\/\/bellotaycaviar.com\/sitio\/wp-json\/wp\/v2\/product"}],"about":[{"href":"https:\/\/bellotaycaviar.com\/sitio\/wp-json\/wp\/v2\/types\/product"}],"replies":[{"embeddable":true,"href":"https:\/\/bellotaycaviar.com\/sitio\/wp-json\/wp\/v2\/comments?post=993"}],"wp:featuredmedia":[{"embeddable":true,"href":"https:\/\/bellotaycaviar.com\/sitio\/wp-json\/wp\/v2\/media\/2977"}],"wp:attachment":[{"href":"https:\/\/bellotaycaviar.com\/sitio\/wp-json\/wp\/v2\/media?parent=993"}],"wp:term":[{"taxonomy":"product_brand","embeddable":true,"href":"https:\/\/bellotaycaviar.com\/sitio\/wp-json\/wp\/v2\/product_brand?post=993"},{"taxonomy":"product_cat","embeddable":true,"href":"https:\/\/bellotaycaviar.com\/sitio\/wp-json\/wp\/v2\/product_cat?post=993"},{"taxonomy":"product_tag","embeddable":true,"href":"https:\/\/bellotaycaviar.com\/sitio\/wp-json\/wp\/v2\/product_tag?post=993"}],"curies":[{"name":"wp","href":"https:\/\/api.w.org\/{rel}","templated":true}]}}