{"id":703,"date":"2018-08-09T02:54:54","date_gmt":"2018-08-09T02:54:54","guid":{"rendered":"http:\/\/vavenue.lifeis.design\/demos\/vavenue-fragrances\/?post_type=product&#038;p=703"},"modified":"2022-10-09T12:40:06","modified_gmt":"2022-10-09T15:40:06","slug":"the-scent-of-twilight","status":"publish","type":"product","link":"https:\/\/bellotaycaviar.com\/sitio\/producto\/the-scent-of-twilight\/","title":{"rendered":"Rituni Malbec"},"content":{"rendered":"<div class=\"wpb-content-wrapper\"><p>[vc_row full_width=&#8221;stretch_row_content_no_spaces&#8221; equal_height=&#8221;yes&#8221; content_placement=&#8221;middle&#8221; css=&#8221;.vc_custom_1533674328555{margin-top: 50px !important;}&#8221;][vc_column css_animation=&#8221;av5-fadeInLeft-long&#8221; width=&#8221;1\/6&#8243; anim_delay=&#8221;50&#8243; offset=&#8221;vc_hidden-sm vc_hidden-xs&#8221;][vc_single_image image=&#8221;2638&#8243; img_size=&#8221;full&#8221; el_class=&#8221;relative av5-floating-block av5-floating_block_distance&#8211;medium&#8221;][\/vc_column][vc_column width=&#8221;1\/2&#8243; max_width_align=&#8221;centered&#8221; max_width_align_tablet=&#8221;centered&#8221; max_width_align_mobile=&#8221;centered&#8221; max_width_align_small=&#8221;centered&#8221; max_width=&#8221;480px&#8221; css=&#8221;.vc_custom_1534025180785{padding-top: 30px !important;padding-right: 30px !important;padding-bottom: 30px !important;padding-left: 30px !important;}&#8221; offset=&#8221;vc_col-lg-4 vc_col-md-4&#8243; el_class=&#8221;mobile-reorder&#8221;][vc_column_text css_animation=&#8221;av5-fadeInUp-long&#8221;]<\/p>\n<p>[vc_toggle title=&#8221;CRIANZA \/ BARRICADO&#8221; css_animation=&#8221;av5-fadeInUp-long&#8221; custom_font_container=&#8221;tag:h5|text_align:left&#8221; custom_use_theme_fonts=&#8221;yes&#8221; use_custom_heading=&#8221;true&#8221;]12 meses el 20% del corte en roble franc\u00e9s.[\/vc_toggle]<br \/>\n[vc_toggle title=&#8221;NOTA DE CATA&#8221; css_animation=&#8221;av5-fadeInUp-long&#8221; custom_font_container=&#8221;tag:h5|text_align:left&#8221; custom_use_theme_fonts=&#8221;yes&#8221; use_custom_heading=&#8221;true&#8221;]<span class=\"jet-headline__part jet-headline__second\"><span class=\"jet-headline__label\">Rojo viol\u00e1ceo, con matices azulados. En nariz, se destaca una gran complejidad arom\u00e1tica: notas de ciruelas entremezcladas con especias que recuerdan a vainilla, an\u00eds, pimienta negra. y un fondo floral que recuerda a la flor de la violeta. En boca, se reafirman los acentos frutados, sus taninos envolventes y sedosos, bien presentes pero amables, destacan su personalidad y su gran complejidad.<\/span><\/span>[\/vc_toggle]<br \/>\n[vc_toggle title=&#8221;SUGERENCIAS&#8221; css_animation=&#8221;av5-fadeInUp-long&#8221; custom_font_container=&#8221;tag:h5|text_align:left&#8221; custom_use_theme_fonts=&#8221;yes&#8221; use_custom_heading=&#8221;true&#8221;]<br \/>\nApto para guarda de unos 6 a\u00f1os. Decantar por espacio de una hora para su consumo. La temperatura adecuada para disfrutar este vino es entre 16\u00ba y 18\u00ba C. Este Malbec es ideal para combinarlo con carnes vacunas grilladas y horneadas, aves asadas, pastas con salsas c\u00e1rnicas, pescados de r\u00edo.[\/vc_toggle][\/vc_column]<br \/>\n[vc_column width=&#8221;1\/2&#8243; css=&#8221;.vc_custom_1534027901877{padding-top: 20% !important;padding-right: 20% !important;padding-bottom: 20% !important;padding-left: 20% !important;background-color: #DED7C4 !important;}&#8221;]<img fetchpriority=\"high\" decoding=\"async\" class=\"alignnone size-full wp-image-3198\" src=\"https:\/\/bellotaycaviar.com\/sitio\/wp-content\/uploads\/2018\/08\/Rutini-Wines-07.jpg\" alt=\"\" width=\"793\" height=\"992\" srcset=\"https:\/\/bellotaycaviar.com\/sitio\/wp-content\/uploads\/2018\/08\/Rutini-Wines-07.jpg 793w, https:\/\/bellotaycaviar.com\/sitio\/wp-content\/uploads\/2018\/08\/Rutini-Wines-07-240x300.jpg 240w, https:\/\/bellotaycaviar.com\/sitio\/wp-content\/uploads\/2018\/08\/Rutini-Wines-07-768x961.jpg 768w, https:\/\/bellotaycaviar.com\/sitio\/wp-content\/uploads\/2018\/08\/Rutini-Wines-07-117x146.jpg 117w, https:\/\/bellotaycaviar.com\/sitio\/wp-content\/uploads\/2018\/08\/Rutini-Wines-07-40x50.jpg 40w, https:\/\/bellotaycaviar.com\/sitio\/wp-content\/uploads\/2018\/08\/Rutini-Wines-07-60x75.jpg 60w\" sizes=\"(max-width:767px) 480px, (max-width:793px) 100vw, 793px\" \/>[\/vc_column][\/vc_row]<\/p>\n<\/div>","protected":false},"excerpt":{"rendered":"<p><strong>A\u00f1o cosecha:<\/strong> 2018<br \/>\n<strong>Variedad:<\/strong> 100% Malbec de Altamira, Gualtallary y La Consulta<br \/>\n<strong>Crianza:<\/strong> 12 meses el 20% del corte en roble franc\u00e9s<br \/>\n<strong>En\u00f3logo:<\/strong> Lic. Mariano Di Paola<br \/>\n<strong>Sugerencias de acompa\u00f1amiento:<\/strong><br \/>\nTabla de quesos duros, carnes vacunas: bife de chorizo acompa\u00f1ado de un pimiento reci\u00e9n asado, comidas criollas: locro, guiso de lentejas, carnes grilladas, cordero, chivito, de sobremesa junto a una tableta de chocolate amargo.<\/p>\n","protected":false},"featured_media":2968,"comment_status":"closed","ping_status":"closed","template":"","meta":{"_themeisle_gutenberg_block_has_review":false},"product_brand":[],"product_cat":[47],"product_tag":[],"class_list":{"0":"post-703","1":"product","2":"type-product","3":"status-publish","4":"has-post-thumbnail","6":"product_cat-champagne-vinos","8":"first","9":"instock","10":"shipping-taxable","11":"product-type-simple"},"_links":{"self":[{"href":"https:\/\/bellotaycaviar.com\/sitio\/wp-json\/wp\/v2\/product\/703","targetHints":{"allow":["GET"]}}],"collection":[{"href":"https:\/\/bellotaycaviar.com\/sitio\/wp-json\/wp\/v2\/product"}],"about":[{"href":"https:\/\/bellotaycaviar.com\/sitio\/wp-json\/wp\/v2\/types\/product"}],"replies":[{"embeddable":true,"href":"https:\/\/bellotaycaviar.com\/sitio\/wp-json\/wp\/v2\/comments?post=703"}],"wp:featuredmedia":[{"embeddable":true,"href":"https:\/\/bellotaycaviar.com\/sitio\/wp-json\/wp\/v2\/media\/2968"}],"wp:attachment":[{"href":"https:\/\/bellotaycaviar.com\/sitio\/wp-json\/wp\/v2\/media?parent=703"}],"wp:term":[{"taxonomy":"product_brand","embeddable":true,"href":"https:\/\/bellotaycaviar.com\/sitio\/wp-json\/wp\/v2\/product_brand?post=703"},{"taxonomy":"product_cat","embeddable":true,"href":"https:\/\/bellotaycaviar.com\/sitio\/wp-json\/wp\/v2\/product_cat?post=703"},{"taxonomy":"product_tag","embeddable":true,"href":"https:\/\/bellotaycaviar.com\/sitio\/wp-json\/wp\/v2\/product_tag?post=703"}],"curies":[{"name":"wp","href":"https:\/\/api.w.org\/{rel}","templated":true}]}}