{"id":437,"date":"2018-04-26T01:52:14","date_gmt":"2018-04-26T01:52:14","guid":{"rendered":"http:\/\/vavenue.lifeis.design\/demos\/vavenue-fave\/?post_type=product&#038;p=437"},"modified":"2022-10-09T13:40:38","modified_gmt":"2022-10-09T16:40:38","slug":"mustard-yellow-floral-short-sleeve","status":"publish","type":"product","link":"https:\/\/bellotaycaviar.com\/sitio\/producto\/mustard-yellow-floral-short-sleeve\/","title":{"rendered":"Paleta Ib\u00e9rica de Bellota en Plato 80 gr"},"content":{"rendered":"<div class=\"wpb-content-wrapper\"><p>[vc_row full_width=&#8221;stretch_row_content_no_spaces&#8221; equal_height=&#8221;yes&#8221; content_placement=&#8221;middle&#8221; css=&#8221;.vc_custom_1533674328555{margin-top: 50px !important;}&#8221;][vc_column css_animation=&#8221;av5-fadeInLeft-long&#8221; width=&#8221;1\/6&#8243; anim_delay=&#8221;50&#8243; offset=&#8221;vc_hidden-sm vc_hidden-xs&#8221;][vc_single_image image=&#8221;2654&#8243; img_size=&#8221;full&#8221; el_class=&#8221;relative av5-floating-block av5-floating_block_distance&#8211;medium&#8221;][\/vc_column][vc_column width=&#8221;1\/2&#8243; max_width_align=&#8221;centered&#8221; max_width_align_tablet=&#8221;centered&#8221; max_width_align_mobile=&#8221;centered&#8221; max_width_align_small=&#8221;centered&#8221; max_width=&#8221;480px&#8221; css=&#8221;.vc_custom_1534025180785{padding-top: 30px !important;padding-right: 30px !important;padding-bottom: 30px !important;padding-left: 30px !important;}&#8221; offset=&#8221;vc_col-lg-4 vc_col-md-4&#8243; el_class=&#8221;mobile-reorder&#8221;][vc_column_text css_animation=&#8221;av5-fadeInUp-long&#8221;]<br \/>\n[vc_toggle title=&#8221;ORIGEN&#8221; css_animation=&#8221;av5-fadeInUp-long&#8221; custom_font_container=&#8221;tag:h5|text_align:left&#8221; custom_use_theme_fonts=&#8221;yes&#8221; use_custom_heading=&#8221;true&#8221;]<span class=\"jet-headline__part jet-headline__first\"><span class=\"jet-headline__label\">Estas paletas provienen de cerdos de raza ib\u00e9rica criados en extensivo (semilibertad en dehesa), que se alimentaron con bellotas durante la montanera.<\/span><\/span>[\/vc_toggle]<br \/>\n[vc_toggle title=&#8221;CURACION&#8221; css_animation=&#8221;av5-fadeInUp-long&#8221; custom_font_container=&#8221;tag:h5|text_align:left&#8221; custom_use_theme_fonts=&#8221;yes&#8221; use_custom_heading=&#8221;true&#8221;]<span class=\"jet-headline__part jet-headline__first\"><span class=\"jet-headline__label\">Las piezas tienen una curaci\u00f3n aproximada 25 meses en nuestros secaderos naturales de la sierra de Huelva.<\/span><\/span><span class=\"jet-headline__space\">\u00a0<\/span><span class=\"jet-headline__part jet-headline__second\"><span class=\"jet-headline__label\">En boca, su estructura concentrada deja la evocaci\u00f3n de sus taninos suaves y sucrosos.<\/span><\/span>[\/vc_toggle]<br \/>\n[vc_toggle title=&#8221;CATA&#8221; css_animation=&#8221;av5-fadeInUp-long&#8221; custom_font_container=&#8221;tag:h5|text_align:left&#8221; custom_use_theme_fonts=&#8221;yes&#8221; use_custom_heading=&#8221;true&#8221;]<br \/>\nEncontramos un bocado que se funde en el paladar y cuya grasa se deshace lentamente dejando un sabor intenso que mezcla el dulce y el salado en una perfecta combinaci\u00f3n. Este sabor es el resultado de la alimentaci\u00f3n del animal a base de bellotas.[\/vc_toggle][\/vc_column]<br \/>\n[vc_column width=&#8221;1\/2&#8243;][vc_single_image image=&#8221;2655&#8243; img_size=&#8221;full&#8221; alignment=&#8221;center&#8221; css_animation=&#8221;av5-fadeInLeft-long&#8221;][\/vc_column][\/vc_row]<\/p>\n<\/div>","protected":false},"excerpt":{"rendered":"<p>CORTADO A MANO SU JAM\u00d3N POR NUESTROS MAESTROS CORTADORES.<\/p>\n<p>Pieza de entre 4.5 y 6 Kg de peso, raza ib\u00e9rica, alimentaci\u00f3n de bellota en montanera, curaci\u00f3n 25 meses, su sabor y su dulzura se debe a un riguroso proceso de selecci\u00f3n.<\/p>\n","protected":false},"featured_media":2653,"comment_status":"closed","ping_status":"closed","template":"","meta":{"_themeisle_gutenberg_block_has_review":false},"product_brand":[],"product_cat":[42],"product_tag":[],"class_list":{"0":"post-437","1":"product","2":"type-product","3":"status-publish","4":"has-post-thumbnail","6":"product_cat-jamones","8":"first","9":"instock","10":"featured","11":"shipping-taxable","12":"product-type-simple"},"_links":{"self":[{"href":"https:\/\/bellotaycaviar.com\/sitio\/wp-json\/wp\/v2\/product\/437","targetHints":{"allow":["GET"]}}],"collection":[{"href":"https:\/\/bellotaycaviar.com\/sitio\/wp-json\/wp\/v2\/product"}],"about":[{"href":"https:\/\/bellotaycaviar.com\/sitio\/wp-json\/wp\/v2\/types\/product"}],"replies":[{"embeddable":true,"href":"https:\/\/bellotaycaviar.com\/sitio\/wp-json\/wp\/v2\/comments?post=437"}],"wp:featuredmedia":[{"embeddable":true,"href":"https:\/\/bellotaycaviar.com\/sitio\/wp-json\/wp\/v2\/media\/2653"}],"wp:attachment":[{"href":"https:\/\/bellotaycaviar.com\/sitio\/wp-json\/wp\/v2\/media?parent=437"}],"wp:term":[{"taxonomy":"product_brand","embeddable":true,"href":"https:\/\/bellotaycaviar.com\/sitio\/wp-json\/wp\/v2\/product_brand?post=437"},{"taxonomy":"product_cat","embeddable":true,"href":"https:\/\/bellotaycaviar.com\/sitio\/wp-json\/wp\/v2\/product_cat?post=437"},{"taxonomy":"product_tag","embeddable":true,"href":"https:\/\/bellotaycaviar.com\/sitio\/wp-json\/wp\/v2\/product_tag?post=437"}],"curies":[{"name":"wp","href":"https:\/\/api.w.org\/{rel}","templated":true}]}}