{"id":381,"date":"2018-08-07T20:49:31","date_gmt":"2018-08-07T20:49:31","guid":{"rendered":"http:\/\/vavenue.lifeis.design\/demos\/vavenue-fragrances\/?post_type=product&#038;p=381"},"modified":"2022-10-09T13:27:51","modified_gmt":"2022-10-09T16:27:51","slug":"agua-mineral-pellegrino-750","status":"publish","type":"product","link":"https:\/\/bellotaycaviar.com\/sitio\/producto\/agua-mineral-pellegrino-750\/","title":{"rendered":"Agua Mineral SPellegrino 750ml"},"content":{"rendered":"<div class=\"wpb-content-wrapper\"><p>[vc_row full_width=&#8221;stretch_row_content_no_spaces&#8221; equal_height=&#8221;yes&#8221; content_placement=&#8221;middle&#8221; css=&#8221;.vc_custom_1533674328555{margin-top: 50px !important;}&#8221;][vc_column css_animation=&#8221;av5-fadeInLeft-long&#8221; width=&#8221;1\/6&#8243; anim_delay=&#8221;50&#8243; offset=&#8221;vc_hidden-sm vc_hidden-xs&#8221;][vc_single_image image=&#8221;2638&#8243; img_size=&#8221;full&#8221; el_class=&#8221;relative av5-floating-block av5-floating_block_distance&#8211;medium&#8221;][\/vc_column][vc_column width=&#8221;1\/2&#8243; max_width_align=&#8221;centered&#8221; max_width_align_tablet=&#8221;centered&#8221; max_width_align_mobile=&#8221;centered&#8221; max_width_align_small=&#8221;centered&#8221; max_width=&#8221;480px&#8221; css=&#8221;.vc_custom_1534025180785{padding-top: 30px !important;padding-right: 30px !important;padding-bottom: 30px !important;padding-left: 30px !important;}&#8221; offset=&#8221;vc_col-lg-4 vc_col-md-4&#8243; el_class=&#8221;mobile-reorder&#8221;][vc_column_text css_animation=&#8221;av5-fadeInUp-long&#8221;]<\/p>\n<p>[vc_toggle title=&#8221;EL ICONO DE ITALIA&#8221; css_animation=&#8221;av5-fadeInUp-long&#8221; custom_font_container=&#8221;tag:h5|text_align:left&#8221; custom_use_theme_fonts=&#8221;yes&#8221; use_custom_heading=&#8221;true&#8221;]Con <b>S.Pellegrino<\/b> vivir\u00e1s gran experiencias en cuanto a <b>sabores \u00fanicos<\/b>, que pueden comenzar con una <b>buena comida<\/b> pero siempre van m\u00e1s all\u00e1, donde la <b>pasi\u00f3n<\/b> por la belleza se junta con el <b>placer<\/b> de estar con las personas que amas y con el gran esmero que le pones a los detalles&#8230;\u00a1<b>Sigue a la estrella que esta en la tapa<\/b>![\/vc_toggle]<br \/>\n[vc_toggle title=&#8221;NOTA DE CATA&#8221; css_animation=&#8221;av5-fadeInUp-long&#8221; custom_font_container=&#8221;tag:h5|text_align:left&#8221; custom_use_theme_fonts=&#8221;yes&#8221; use_custom_heading=&#8221;true&#8221;]El <b>sabor<\/b> de <b>S.Pellegrino<\/b> es <b>inconfundible<\/b>. Reconocido por sus <b>perdurables burbujas<\/b>, su <b>sabor<\/b> delicadamente <b>salado<\/b> y su <b>acidez equilibrada<\/b> que calma y refresca la sed. Viene en una <b>presentaci\u00f3n<\/b> de <b>botella de 750 ml<\/b> perfecta para acompa\u00f1ar tus mejores momentos y los m\u00e1s <b>deliciosos platillos<\/b>.[\/vc_toggle]<br \/>\n[vc_toggle title=&#8221;SUGERENCIAS&#8221; css_animation=&#8221;av5-fadeInUp-long&#8221; custom_font_container=&#8221;tag:h5|text_align:left&#8221; custom_use_theme_fonts=&#8221;yes&#8221; use_custom_heading=&#8221;true&#8221;]Te presentamos el <b>agua italiana<\/b> m\u00e1s refinada con <b>gasificaci\u00f3n natural<\/b>. Es una <b>bebida perfecta<\/b> para combinar las <b>comidas m\u00e1s sabrosas<\/b>, adem\u00e1s que mantiene su <b>equilibrio<\/b> acompa\u00f1ada de un vino de gran cuerpo o simplemente tom\u00e1ndola sola. Gracias a su <b>deliciosa efervescencia<\/b>, el <b>sabor<\/b> y <b>aromas<\/b> de los <b>platillos<\/b> afloran de la mejor forma.[\/vc_toggle][\/vc_column]<br \/>\n[vc_column width=&#8221;1\/2&#8243; css=&#8221;.vc_custom_1534027901877{padding-top: 20% !important;padding-right: 20% !important;padding-bottom: 20% !important;padding-left: 20% !important;background-color: #DED7C4 !important;}&#8221;][av5_video_lightbox btn_style=&#8221;filled-cut&#8221; image=&#8221;3035&#8243; img_anim_style=&#8221;none&#8221; video_url=&#8221;https:\/\/www.youtube.com\/watch?v=wIkbvM5ysLE&#8221; overlay__hover_color=&#8221;rgba(237,222,204,0.51)&#8221;][\/vc_column][\/vc_row]<\/p>\n<\/div>","protected":false},"excerpt":{"rendered":"<p>&#8211; Contenido de 750 ml<\/p>\n<p>&#8211; L\u00edder en alta gastronom\u00eda y hoteler\u00eda<\/p>\n<p>&#8211; Enriquecido con calcio y magnesio<\/p>\n<p>&#8211; Bajo contenido de sodio<\/p>\n<p>&#8211; Envasada en el manantial termal de San Pellegrino<\/p>\n","protected":false},"featured_media":3034,"comment_status":"closed","ping_status":"closed","template":"","meta":{"_themeisle_gutenberg_block_has_review":false},"product_brand":[],"product_cat":[39],"product_tag":[],"class_list":{"0":"post-381","1":"product","2":"type-product","3":"status-publish","4":"has-post-thumbnail","6":"product_cat-almacen","8":"first","9":"instock","10":"featured","11":"shipping-taxable","12":"product-type-simple"},"_links":{"self":[{"href":"https:\/\/bellotaycaviar.com\/sitio\/wp-json\/wp\/v2\/product\/381","targetHints":{"allow":["GET"]}}],"collection":[{"href":"https:\/\/bellotaycaviar.com\/sitio\/wp-json\/wp\/v2\/product"}],"about":[{"href":"https:\/\/bellotaycaviar.com\/sitio\/wp-json\/wp\/v2\/types\/product"}],"replies":[{"embeddable":true,"href":"https:\/\/bellotaycaviar.com\/sitio\/wp-json\/wp\/v2\/comments?post=381"}],"wp:featuredmedia":[{"embeddable":true,"href":"https:\/\/bellotaycaviar.com\/sitio\/wp-json\/wp\/v2\/media\/3034"}],"wp:attachment":[{"href":"https:\/\/bellotaycaviar.com\/sitio\/wp-json\/wp\/v2\/media?parent=381"}],"wp:term":[{"taxonomy":"product_brand","embeddable":true,"href":"https:\/\/bellotaycaviar.com\/sitio\/wp-json\/wp\/v2\/product_brand?post=381"},{"taxonomy":"product_cat","embeddable":true,"href":"https:\/\/bellotaycaviar.com\/sitio\/wp-json\/wp\/v2\/product_cat?post=381"},{"taxonomy":"product_tag","embeddable":true,"href":"https:\/\/bellotaycaviar.com\/sitio\/wp-json\/wp\/v2\/product_tag?post=381"}],"curies":[{"name":"wp","href":"https:\/\/api.w.org\/{rel}","templated":true}]}}