{"id":3028,"date":"2021-07-18T19:40:54","date_gmt":"2021-07-18T22:40:54","guid":{"rendered":"http:\/\/bellotaycaviar.com\/sitio\/?post_type=product&#038;p=3028"},"modified":"2022-10-09T12:44:58","modified_gmt":"2022-10-09T15:44:58","slug":"bianchi-particular-merlot-2018","status":"publish","type":"product","link":"https:\/\/bellotaycaviar.com\/sitio\/producto\/bianchi-particular-merlot-2018\/","title":{"rendered":"Bianchi Particular Merlot 2018"},"content":{"rendered":"<div class=\"wpb-content-wrapper\"><p>[vc_row full_width=&#8221;stretch_row_content_no_spaces&#8221; equal_height=&#8221;yes&#8221; content_placement=&#8221;middle&#8221; css=&#8221;.vc_custom_1533674328555{margin-top: 50px !important;}&#8221;][vc_column css_animation=&#8221;av5-fadeInLeft-long&#8221; width=&#8221;1\/6&#8243; anim_delay=&#8221;50&#8243; offset=&#8221;vc_hidden-sm vc_hidden-xs&#8221;][vc_single_image image=&#8221;2638&#8243; img_size=&#8221;full&#8221; el_class=&#8221;relative av5-floating-block av5-floating_block_distance&#8211;medium&#8221;][\/vc_column][vc_column width=&#8221;1\/2&#8243; max_width_align=&#8221;centered&#8221; max_width_align_tablet=&#8221;centered&#8221; max_width_align_mobile=&#8221;centered&#8221; max_width_align_small=&#8221;centered&#8221; max_width=&#8221;480px&#8221; css=&#8221;.vc_custom_1534025180785{padding-top: 30px !important;padding-right: 30px !important;padding-bottom: 30px !important;padding-left: 30px !important;}&#8221; offset=&#8221;vc_col-lg-4 vc_col-md-4&#8243; el_class=&#8221;mobile-reorder&#8221;][vc_column_text css_animation=&#8221;av5-fadeInUp-long&#8221;]<\/p>\n<p>[vc_toggle title=&#8221;CRIANZA \/ BARRICADO&#8221; css_animation=&#8221;av5-fadeInUp-long&#8221; custom_font_container=&#8221;tag:h5|text_align:left&#8221; custom_use_theme_fonts=&#8221;yes&#8221; use_custom_heading=&#8221;true&#8221;]En 1976 nuestro en\u00f3logo mentor Enzo Bianchi, agasaja a familiares y amigos compartiendo este Bianchi Particular de su cava personal. La insistencia de sus seres queridos para seguir disfrut\u00e1ndolo, convencen a Enzo Bianchi de llevarlo al mercado, manteniendo siempre el esp\u00edritu de su primer a\u00f1ada.[\/vc_toggle]<br \/>\n[vc_toggle title=&#8221;NOTA DE CATA&#8221; css_animation=&#8221;av5-fadeInUp-long&#8221; custom_font_container=&#8221;tag:h5|text_align:left&#8221; custom_use_theme_fonts=&#8221;yes&#8221; use_custom_heading=&#8221;true&#8221;]<\/p>\n<p>Es un merlot que a la vista se presenta rojo intenso con una tonalidad viol\u00e1cea muy atractiva.<\/p>\n<p>En nariz nos deleita con notas especiadas y frutas negras y rojas como la mora, ciruela y grosellas. Adem\u00e1s, estas notas se conjugan perfectamente con un car\u00e1cter mineral t\u00edpico de Finca Asti que se ensamblan con las delicadas expresiones de vainilla y chocolate provenientes de su crianza en roble franc\u00e9s.<br \/>\nEn boca es un vino delicado con muy buen cuerpo, taninos presentes pero sedosos y amables, que, almacenado en buenas condiciones, permitir\u00e1n que la guarda de este vino se prolongue por varios a\u00f1os. Un Merlot de gran estirpe y complejidad.<br \/>\n[\/vc_toggle]<br \/>\n[vc_toggle title=&#8221;SUGERENCIAS&#8221; css_animation=&#8221;av5-fadeInUp-long&#8221; custom_font_container=&#8221;tag:h5|text_align:left&#8221; custom_use_theme_fonts=&#8221;yes&#8221; use_custom_heading=&#8221;true&#8221;]<br \/>\nMaridaje. El merlot puede ser acompa\u00f1ado con pescados grasos como at\u00fan, salm\u00f3n y bacalao, carnes a las brasas o asada, hamburguesas, pastas preparadas con salsa de jitomate, cochinita pibil, postres a base de chocolate amargo, fondue, verduras a la plancha como calabazas o zanahorias<br \/>\n[\/vc_toggle][\/vc_column]<br \/>\n[vc_column width=&#8221;1\/2&#8243;][vc_single_image image=&#8221;3032&#8243; img_size=&#8221;full&#8221; alignment=&#8221;center&#8221; css_animation=&#8221;av5-fadeInLeft-long&#8221;][\/vc_column][\/vc_row]<\/p>\n<p>&nbsp;<\/p>\n<\/div>","protected":false},"excerpt":{"rendered":"<p>VARIETAL: 100% Merlot<br \/>\nA\u00d1ADA_ 2018<br \/>\nTIPO DE BARRICA: Roble Franc\u00e9s<br \/>\nTIEMPO EN BARRICAL: 12 Meses<br \/>\nTIPO DE COSECHA: Manual<br \/>\nTERROIR: San Rafael, Mendoza<br \/>\nFINCA: Asti<br \/>\nPOTENCIAL DE GUARDA: 15 A\u00f1os<\/p>\n","protected":false},"featured_media":3029,"comment_status":"closed","ping_status":"closed","template":"","meta":{"_themeisle_gutenberg_block_has_review":false},"product_brand":[],"product_cat":[47],"product_tag":[],"class_list":{"0":"post-3028","1":"product","2":"type-product","3":"status-publish","4":"has-post-thumbnail","6":"product_cat-champagne-vinos","8":"first","9":"instock","10":"shipping-taxable","11":"product-type-simple"},"_links":{"self":[{"href":"https:\/\/bellotaycaviar.com\/sitio\/wp-json\/wp\/v2\/product\/3028","targetHints":{"allow":["GET"]}}],"collection":[{"href":"https:\/\/bellotaycaviar.com\/sitio\/wp-json\/wp\/v2\/product"}],"about":[{"href":"https:\/\/bellotaycaviar.com\/sitio\/wp-json\/wp\/v2\/types\/product"}],"replies":[{"embeddable":true,"href":"https:\/\/bellotaycaviar.com\/sitio\/wp-json\/wp\/v2\/comments?post=3028"}],"wp:featuredmedia":[{"embeddable":true,"href":"https:\/\/bellotaycaviar.com\/sitio\/wp-json\/wp\/v2\/media\/3029"}],"wp:attachment":[{"href":"https:\/\/bellotaycaviar.com\/sitio\/wp-json\/wp\/v2\/media?parent=3028"}],"wp:term":[{"taxonomy":"product_brand","embeddable":true,"href":"https:\/\/bellotaycaviar.com\/sitio\/wp-json\/wp\/v2\/product_brand?post=3028"},{"taxonomy":"product_cat","embeddable":true,"href":"https:\/\/bellotaycaviar.com\/sitio\/wp-json\/wp\/v2\/product_cat?post=3028"},{"taxonomy":"product_tag","embeddable":true,"href":"https:\/\/bellotaycaviar.com\/sitio\/wp-json\/wp\/v2\/product_tag?post=3028"}],"curies":[{"name":"wp","href":"https:\/\/api.w.org\/{rel}","templated":true}]}}