{"id":3025,"date":"2021-07-18T19:25:27","date_gmt":"2021-07-18T22:25:27","guid":{"rendered":"http:\/\/bellotaycaviar.com\/sitio\/?post_type=product&#038;p=3025"},"modified":"2022-10-09T11:19:06","modified_gmt":"2022-10-09T14:19:06","slug":"bramare-cabernet-sauvignon","status":"publish","type":"product","link":"https:\/\/bellotaycaviar.com\/sitio\/producto\/bramare-cabernet-sauvignon\/","title":{"rendered":"Bramare Cabernet Sauvignon"},"content":{"rendered":"<div class=\"wpb-content-wrapper\"><p>[vc_row full_width=&#8221;stretch_row_content_no_spaces&#8221; equal_height=&#8221;yes&#8221; content_placement=&#8221;middle&#8221; css=&#8221;.vc_custom_1533674328555{margin-top: 50px !important;}&#8221;][vc_column css_animation=&#8221;av5-fadeInLeft-long&#8221; width=&#8221;1\/6&#8243; anim_delay=&#8221;50&#8243; offset=&#8221;vc_hidden-sm vc_hidden-xs&#8221;][vc_single_image image=&#8221;2638&#8243; img_size=&#8221;full&#8221; el_class=&#8221;relative av5-floating-block av5-floating_block_distance&#8211;medium&#8221;][\/vc_column][vc_column width=&#8221;1\/2&#8243; max_width_align=&#8221;centered&#8221; max_width_align_tablet=&#8221;centered&#8221; max_width_align_mobile=&#8221;centered&#8221; max_width_align_small=&#8221;centered&#8221; max_width=&#8221;480px&#8221; css=&#8221;.vc_custom_1534025180785{padding-top: 30px !important;padding-right: 30px !important;padding-bottom: 30px !important;padding-left: 30px !important;}&#8221; offset=&#8221;vc_col-lg-4 vc_col-md-4&#8243; el_class=&#8221;mobile-reorder&#8221;][vc_column_text css_animation=&#8221;av5-fadeInUp-long&#8221;]<\/p>\n<p>[vc_toggle title=&#8221;CRIANZA \/ BARRICADO&#8221; css_animation=&#8221;av5-fadeInUp-long&#8221; custom_font_container=&#8221;tag:h5|text_align:left&#8221; custom_use_theme_fonts=&#8221;yes&#8221; use_custom_heading=&#8221;true&#8221;]Fermentaci\u00f3n alcoh\u00f3lica fermentaci\u00f3n con levaduras seleccionadas en tanques cerrados de acero inoxidable de 8 toneladas. Maceraci\u00f3n 5 a 6 d\u00edas de maceraci\u00f3n en fr\u00edo, duraci\u00f3n total de maceraci\u00f3n: 27 d\u00edas. Fermentaci\u00f3n malol\u00e1ctica con bacterias nativas en barricas; 3 meses para su finalizaci\u00f3n. Crianza 18 meses en barricas de roble franc\u00e9s y americano. 30% roble nuevo.[\/vc_toggle]<br \/>\n[vc_toggle title=&#8221;NOTA DE CATA&#8221; css_animation=&#8221;av5-fadeInUp-long&#8221; custom_font_container=&#8221;tag:h5|text_align:left&#8221; custom_use_theme_fonts=&#8221;yes&#8221; use_custom_heading=&#8221;true&#8221;]La tipicidad del cabernet sauvignon se aprecia en su color rojo con tonos viol\u00e1ceos. Encontramos una nariz deliciosa con presencia de fruta roja, cassis y guinda, que se complementa con chocolate, pimiento, hierbas y sutiles notas terrosas. Es un vino robusto y con gran personalidad. Tiene una entrada dulce, taninos marcados, fruta negra y especias. Es untuoso en boca; un vino complejo y elegante, de prolongado final.[\/vc_toggle]<br \/>\n[vc_toggle title=&#8221;SUGERENCIAS&#8221; css_animation=&#8221;av5-fadeInUp-long&#8221; custom_font_container=&#8221;tag:h5|text_align:left&#8221; custom_use_theme_fonts=&#8221;yes&#8221; use_custom_heading=&#8221;true&#8221;]<br \/>\nTemperatura de servicio para este vino es entre 16\u00ba y 18\u00ba C, Potencial de guarda 8 a\u00f1os. Decantar por espacio de una hora antes de beberlo. Conservar en lugar fresco, oscuro, y sin vibraciones. Ideal para acompa\u00f1ar un Bife de chorizo con papines.<br \/>\n[\/vc_toggle][\/vc_column]<br \/>\n[vc_column width=&#8221;1\/2&#8243;][vc_single_image image=&#8221;3027&#8243; img_size=&#8221;full&#8221; alignment=&#8221;center&#8221; css_animation=&#8221;av5-fadeInLeft-long&#8221;][\/vc_column][\/vc_row]<\/span><\/p>\n<p>&nbsp;<\/p>\n<\/div>","protected":false},"excerpt":{"rendered":"<p>BODEGA:  Vi\u00f1a Cobos<br \/>\nTIPO: Tinta<br \/>\nVARIEDAD: Cabernet Sauvignon<br \/>\nCORTE: Cabernet Sauvignon 100 %<br \/>\nALCOHOL: 14 %<br \/>\nLuj\u00e1n de Cuyo. Provincia de Mendoza, Argentina. <\/p>\n","protected":false},"featured_media":3026,"comment_status":"closed","ping_status":"closed","template":"","meta":{"_themeisle_gutenberg_block_has_review":false},"product_brand":[],"product_cat":[47],"product_tag":[],"class_list":{"0":"post-3025","1":"product","2":"type-product","3":"status-publish","4":"has-post-thumbnail","6":"product_cat-champagne-vinos","8":"first","9":"instock","10":"shipping-taxable","11":"purchasable","12":"product-type-simple"},"_links":{"self":[{"href":"https:\/\/bellotaycaviar.com\/sitio\/wp-json\/wp\/v2\/product\/3025","targetHints":{"allow":["GET"]}}],"collection":[{"href":"https:\/\/bellotaycaviar.com\/sitio\/wp-json\/wp\/v2\/product"}],"about":[{"href":"https:\/\/bellotaycaviar.com\/sitio\/wp-json\/wp\/v2\/types\/product"}],"replies":[{"embeddable":true,"href":"https:\/\/bellotaycaviar.com\/sitio\/wp-json\/wp\/v2\/comments?post=3025"}],"wp:featuredmedia":[{"embeddable":true,"href":"https:\/\/bellotaycaviar.com\/sitio\/wp-json\/wp\/v2\/media\/3026"}],"wp:attachment":[{"href":"https:\/\/bellotaycaviar.com\/sitio\/wp-json\/wp\/v2\/media?parent=3025"}],"wp:term":[{"taxonomy":"product_brand","embeddable":true,"href":"https:\/\/bellotaycaviar.com\/sitio\/wp-json\/wp\/v2\/product_brand?post=3025"},{"taxonomy":"product_cat","embeddable":true,"href":"https:\/\/bellotaycaviar.com\/sitio\/wp-json\/wp\/v2\/product_cat?post=3025"},{"taxonomy":"product_tag","embeddable":true,"href":"https:\/\/bellotaycaviar.com\/sitio\/wp-json\/wp\/v2\/product_tag?post=3025"}],"curies":[{"name":"wp","href":"https:\/\/api.w.org\/{rel}","templated":true}]}}