{"id":3019,"date":"2021-07-18T18:49:23","date_gmt":"2021-07-18T21:49:23","guid":{"rendered":"http:\/\/bellotaycaviar.com\/sitio\/?post_type=product&#038;p=3019"},"modified":"2022-10-09T12:46:44","modified_gmt":"2022-10-09T15:46:44","slug":"absolut-elyx-vodka","status":"publish","type":"product","link":"https:\/\/bellotaycaviar.com\/sitio\/producto\/absolut-elyx-vodka\/","title":{"rendered":"Absolut  Eelyx Vodka"},"content":{"rendered":"<div class=\"wpb-content-wrapper\"><p>[vc_row full_width=&#8221;stretch_row_content_no_spaces&#8221; equal_height=&#8221;yes&#8221; content_placement=&#8221;middle&#8221; css=&#8221;.vc_custom_1533674328555{margin-top: 50px !important;}&#8221;][vc_column css_animation=&#8221;av5-fadeInLeft-long&#8221; width=&#8221;1\/6&#8243; anim_delay=&#8221;50&#8243; offset=&#8221;vc_hidden-sm vc_hidden-xs&#8221;][vc_single_image image=&#8221;2638&#8243; img_size=&#8221;full&#8221; el_class=&#8221;relative av5-floating-block av5-floating_block_distance&#8211;medium&#8221;][\/vc_column][vc_column width=&#8221;1\/2&#8243; max_width_align=&#8221;centered&#8221; max_width_align_tablet=&#8221;centered&#8221; max_width_align_mobile=&#8221;centered&#8221; max_width_align_small=&#8221;centered&#8221; max_width=&#8221;480px&#8221; css=&#8221;.vc_custom_1534025180785{padding-top: 30px !important;padding-right: 30px !important;padding-bottom: 30px !important;padding-left: 30px !important;}&#8221; offset=&#8221;vc_col-lg-4 vc_col-md-4&#8243; el_class=&#8221;mobile-reorder&#8221;][vc_column_text css_animation=&#8221;av5-fadeInUp-long&#8221;]<\/p>\n<p>[vc_toggle title=&#8221;CRIANZA \/ BARRICADO&#8221; css_animation=&#8221;av5-fadeInUp-long&#8221; custom_font_container=&#8221;tag:h5|text_align:left&#8221; custom_use_theme_fonts=&#8221;yes&#8221; use_custom_heading=&#8221;true&#8221;]UN \u00daNICO ORIGEN<\/p>\n<p>Cada gota de Absolut Elyx se elabora con trigo de invierno cultivado en una \u00fanica finca del sur de Suecia. La finca R\u00e5bel\u00f6f lleva cultivando trigo desde el siglo XV. La regi\u00f3n tiene el clima ideal para producir trigo de invierno, pues esta estaci\u00f3n es seca y fr\u00eda mientras que sus veranos son largos y c\u00e1lidos.<br \/>\nELABORACI\u00d3N EN COBRE<\/p>\n<p>Absolut Elyx se elabora con un alambique de cobre cuyo uso se remonta a 1921. Se han empleado miles de paquetes de cobre, eliminando los componentes indeseados y dando forma al producto final. La experiencia y la artesan\u00eda requerida para la destilaci\u00f3n manual produce un vodka de lujo con unas dosis insuperables de car\u00e1cter y sabor.[\/vc_toggle]<br \/>\n[vc_toggle title=&#8221;NOTA DE CATA&#8221; css_animation=&#8221;av5-fadeInUp-long&#8221; custom_font_container=&#8221;tag:h5|text_align:left&#8221; custom_use_theme_fonts=&#8221;yes&#8221; use_custom_heading=&#8221;true&#8221;]Nariz<\/p>\n<p>Limpio, intenso, redondo, pan reci\u00e9n hecho y notas de chocolate blanco y cereal con un intenso toque especiado delicado.<br \/>\nPaladar<\/p>\n<p>Con mucho cuerpo, sensaci\u00f3n exquisita de suavidad en boca con toques de ricas nueces de macadamia, cereal cremoso, aderezos de chocolate blanco y notas untuosas a pan reci\u00e9n horneado. Ligeros matices de nueces con un toque equilibrado de suave especiado e intensidad pura en su justa medida.<br \/>\nToque final<\/p>\n<p>Especiado suave y redondo con matices de nueces frescas y un acabado en boca suave y c\u00e1lido.[\/vc_toggle]<br \/>\n[vc_toggle title=&#8221;SUGERENCIAS&#8221; css_animation=&#8221;av5-fadeInUp-long&#8221; custom_font_container=&#8221;tag:h5|text_align:left&#8221; custom_use_theme_fonts=&#8221;yes&#8221; use_custom_heading=&#8221;true&#8221;]<br \/>\nThe Elyx Martini: Hielo<br \/>\n1\u00bd Partes de Absolut Elyx<br \/>\n\u2153 Parte de Lillet Blanco<br \/>\n1 Piel Lemon Zest<br \/>\nLlenar un recipiente de mezcla con hielo. A\u00f1adir todos los ingredientes. Remover y colar en una copa de c\u00f3ctel. Decorar con lemon zest.<br \/>\n[\/vc_toggle][\/vc_column]<br \/>\n[vc_column width=&#8221;1\/2&#8243;][vc_single_image image=&#8221;3021&#8243; img_size=&#8221;full&#8221; alignment=&#8221;center&#8221; css_animation=&#8221;av5-fadeInLeft-long&#8221;][\/vc_column][\/vc_row]<\/p>\n<p>&nbsp;<\/p>\n<\/div>","protected":false},"excerpt":{"rendered":"<p>Absolut Elyx es un vodka de lujo cuya elaboraci\u00f3n se basa en los principios de la calidad, la integridad y la artesan\u00eda, y con una destilaci\u00f3n manual en alambique de cobre que se remonta a 1921. El resultado es un vodka galardonado con premios y dotado de un rico y suave sabor. Lo llamamos seda l\u00edquida. Perfecto para preparar martinis e incluso para tomarlo solo con hielo.<\/p>\n","protected":false},"featured_media":3020,"comment_status":"closed","ping_status":"closed","template":"","meta":{"_themeisle_gutenberg_block_has_review":false},"product_brand":[],"product_cat":[47],"product_tag":[],"class_list":{"0":"post-3019","1":"product","2":"type-product","3":"status-publish","4":"has-post-thumbnail","6":"product_cat-champagne-vinos","8":"first","9":"instock","10":"shipping-taxable","11":"product-type-simple"},"_links":{"self":[{"href":"https:\/\/bellotaycaviar.com\/sitio\/wp-json\/wp\/v2\/product\/3019","targetHints":{"allow":["GET"]}}],"collection":[{"href":"https:\/\/bellotaycaviar.com\/sitio\/wp-json\/wp\/v2\/product"}],"about":[{"href":"https:\/\/bellotaycaviar.com\/sitio\/wp-json\/wp\/v2\/types\/product"}],"replies":[{"embeddable":true,"href":"https:\/\/bellotaycaviar.com\/sitio\/wp-json\/wp\/v2\/comments?post=3019"}],"wp:featuredmedia":[{"embeddable":true,"href":"https:\/\/bellotaycaviar.com\/sitio\/wp-json\/wp\/v2\/media\/3020"}],"wp:attachment":[{"href":"https:\/\/bellotaycaviar.com\/sitio\/wp-json\/wp\/v2\/media?parent=3019"}],"wp:term":[{"taxonomy":"product_brand","embeddable":true,"href":"https:\/\/bellotaycaviar.com\/sitio\/wp-json\/wp\/v2\/product_brand?post=3019"},{"taxonomy":"product_cat","embeddable":true,"href":"https:\/\/bellotaycaviar.com\/sitio\/wp-json\/wp\/v2\/product_cat?post=3019"},{"taxonomy":"product_tag","embeddable":true,"href":"https:\/\/bellotaycaviar.com\/sitio\/wp-json\/wp\/v2\/product_tag?post=3019"}],"curies":[{"name":"wp","href":"https:\/\/api.w.org\/{rel}","templated":true}]}}