{"id":2979,"date":"2021-07-17T21:11:02","date_gmt":"2021-07-18T00:11:02","guid":{"rendered":"http:\/\/bellotaycaviar.com\/sitio\/?post_type=product&#038;p=2979"},"modified":"2022-10-09T12:51:33","modified_gmt":"2022-10-09T15:51:33","slug":"vans-salentein-alyda-brut-nature","status":"publish","type":"product","link":"https:\/\/bellotaycaviar.com\/sitio\/producto\/vans-salentein-alyda-brut-nature\/","title":{"rendered":"Vans Salentein Alyda Brut Nature"},"content":{"rendered":"<div class=\"wpb-content-wrapper\"><p>[vc_row full_width=&#8221;stretch_row_content_no_spaces&#8221; equal_height=&#8221;yes&#8221; content_placement=&#8221;middle&#8221; css=&#8221;.vc_custom_1533674328555{margin-top: 50px !important;}&#8221;][vc_column css_animation=&#8221;av5-fadeInLeft-long&#8221; width=&#8221;1\/6&#8243; anim_delay=&#8221;50&#8243; offset=&#8221;vc_hidden-sm vc_hidden-xs&#8221;][vc_single_image image=&#8221;2638&#8243; img_size=&#8221;full&#8221; el_class=&#8221;relative av5-floating-block av5-floating_block_distance&#8211;medium&#8221;][\/vc_column][vc_column width=&#8221;1\/2&#8243; max_width_align=&#8221;centered&#8221; max_width_align_tablet=&#8221;centered&#8221; max_width_align_mobile=&#8221;centered&#8221; max_width_align_small=&#8221;centered&#8221; max_width=&#8221;480px&#8221; css=&#8221;.vc_custom_1534025180785{padding-top: 30px !important;padding-right: 30px !important;padding-bottom: 30px !important;padding-left: 30px !important;}&#8221; offset=&#8221;vc_col-lg-4 vc_col-md-4&#8243; el_class=&#8221;mobile-reorder&#8221;][vc_column_text css_animation=&#8221;av5-fadeInUp-long&#8221;]<br \/>\n[vc_toggle title=&#8221;CRIANZA \/ BARRICADO&#8221; css_animation=&#8221;av5-fadeInUp-long&#8221; custom_font_container=&#8221;tag:h5|text_align:left&#8221; custom_use_theme_fonts=&#8221;yes&#8221; use_custom_heading=&#8221;true&#8221;]Cuv\u00e9e Prestige: Se elabora con un corte de dos a\u00f1adas diferentes donde la m\u00e1s antigua posee una gran crianza sobre sus borras que da un vino untuoso y de buena estructura y acidez. Mientras que la a\u00f1ada m\u00e1s joven, aporta frescura y frutosidad.<\/p>\n<p>Para su elaboraci\u00f3n se seleccion\u00f3 y gener\u00f3 una poblaci\u00f3n determinada de levaduras para obtener un perlage (burbujas) refinado y placentero.<\/p>\n<p>Posee un licor de expedici\u00f3n \u00fanico, elaborado a base de un vino Chardonnay muy complejo, que posee m\u00e1s de 5 a\u00f1os de crianza sobre borras y a\u00f1ejamiento en barricas de roble franc\u00e9s que junto a otros componentes nos permite imprimirle el toque final de elegancia y complejidad que destacan a Alyda van Salentein.[\/vc_toggle]<br \/>\n[vc_toggle title=&#8221;NOTA DE CATA&#8221; css_animation=&#8221;av5-fadeInUp-long&#8221; custom_font_container=&#8221;tag:h5|text_align:left&#8221; custom_use_theme_fonts=&#8221;yes&#8221; use_custom_heading=&#8221;true&#8221;]A la vista es color guinda sutil y entre sus aromas complejos se destacan el brioche, los frutos rojos maduros y las almendras tostadas. En boca se luce con burbujas muy activa y buena mousse. Carga el paladar con buen sabor y frescura que perdura en su largo final.[\/vc_toggle]<br \/>\n[vc_toggle title=&#8221;SUGERENCIAS&#8221; css_animation=&#8221;av5-fadeInUp-long&#8221; custom_font_container=&#8221;tag:h5|text_align:left&#8221; custom_use_theme_fonts=&#8221;yes&#8221; use_custom_heading=&#8221;true&#8221;]Temperatura ideal 9\u00ba C. Potencial de guarda unos 4 a\u00f1os. Conservar en lugar fresco, oscuro, y sin vibraciones. Sugerimos maridar con pescados grillados o postres (lemon pie, creme brulee, etc)[\/vc_toggle][\/vc_column]<br \/>\n[vc_column width=&#8221;1\/2&#8243;][vc_single_image image=&#8221;2981&#8243; img_size=&#8221;full&#8221; alignment=&#8221;center&#8221; css_animation=&#8221;av5-fadeInLeft-long&#8221;][\/vc_column][\/vc_row]<\/p>\n<\/div>","protected":false},"excerpt":{"rendered":"<p>La elegancia, frescura y sofisticaci\u00f3n de Alyda van Salentein se reflejan en este Cuv\u00e9e Prestige elaborado por nuestro Chef de Cave con las mejores uvas Pinot Noir, Chardonnay y Pinot Meunier del Valle de Uco.<\/p>\n<p>CATEGOR\u00cdA: Espumantes<br \/>\nPRODUCTOR: Salentein<br \/>\nTIPO: Espumante<br \/>\nVARIEDAD: Brut Nature<br \/>\nCORTE: 50% Pinot Noir | 45% Chardonnay | 5% Pinot Meunier<\/p>\n","protected":false},"featured_media":2980,"comment_status":"closed","ping_status":"closed","template":"","meta":{"_themeisle_gutenberg_block_has_review":false},"product_brand":[],"product_cat":[47],"product_tag":[],"class_list":{"0":"post-2979","1":"product","2":"type-product","3":"status-publish","4":"has-post-thumbnail","6":"product_cat-champagne-vinos","8":"first","9":"instock","10":"shipping-taxable","11":"product-type-simple"},"_links":{"self":[{"href":"https:\/\/bellotaycaviar.com\/sitio\/wp-json\/wp\/v2\/product\/2979","targetHints":{"allow":["GET"]}}],"collection":[{"href":"https:\/\/bellotaycaviar.com\/sitio\/wp-json\/wp\/v2\/product"}],"about":[{"href":"https:\/\/bellotaycaviar.com\/sitio\/wp-json\/wp\/v2\/types\/product"}],"replies":[{"embeddable":true,"href":"https:\/\/bellotaycaviar.com\/sitio\/wp-json\/wp\/v2\/comments?post=2979"}],"wp:featuredmedia":[{"embeddable":true,"href":"https:\/\/bellotaycaviar.com\/sitio\/wp-json\/wp\/v2\/media\/2980"}],"wp:attachment":[{"href":"https:\/\/bellotaycaviar.com\/sitio\/wp-json\/wp\/v2\/media?parent=2979"}],"wp:term":[{"taxonomy":"product_brand","embeddable":true,"href":"https:\/\/bellotaycaviar.com\/sitio\/wp-json\/wp\/v2\/product_brand?post=2979"},{"taxonomy":"product_cat","embeddable":true,"href":"https:\/\/bellotaycaviar.com\/sitio\/wp-json\/wp\/v2\/product_cat?post=2979"},{"taxonomy":"product_tag","embeddable":true,"href":"https:\/\/bellotaycaviar.com\/sitio\/wp-json\/wp\/v2\/product_tag?post=2979"}],"curies":[{"name":"wp","href":"https:\/\/api.w.org\/{rel}","templated":true}]}}