{"id":254,"date":"2018-04-24T17:52:29","date_gmt":"2018-04-24T17:52:29","guid":{"rendered":"http:\/\/vavenue.lifeis.design\/demos\/vavenue-fave\/?post_type=product&#038;p=254"},"modified":"2022-10-09T13:43:03","modified_gmt":"2022-10-09T16:43:03","slug":"contrasting-leather-boat-shoes","status":"publish","type":"product","link":"https:\/\/bellotaycaviar.com\/sitio\/producto\/contrasting-leather-boat-shoes\/","title":{"rendered":"Chorizo ib\u00e9rico de bellota"},"content":{"rendered":"<div class=\"wpb-content-wrapper\"><p>[vc_row full_width=&#8221;stretch_row_content_no_spaces&#8221; equal_height=&#8221;yes&#8221; content_placement=&#8221;middle&#8221; css=&#8221;.vc_custom_1533674328555{margin-top: 50px !important;}&#8221;][vc_column css_animation=&#8221;av5-fadeInLeft-long&#8221; width=&#8221;1\/6&#8243; anim_delay=&#8221;50&#8243; offset=&#8221;vc_hidden-sm vc_hidden-xs&#8221;][vc_single_image image=&#8221;2654&#8243; img_size=&#8221;full&#8221; el_class=&#8221;relative av5-floating-block av5-floating_block_distance&#8211;medium&#8221;][\/vc_column][vc_column width=&#8221;1\/2&#8243; max_width_align=&#8221;centered&#8221; max_width_align_tablet=&#8221;centered&#8221; max_width_align_mobile=&#8221;centered&#8221; max_width_align_small=&#8221;centered&#8221; max_width=&#8221;480px&#8221; css=&#8221;.vc_custom_1534025180785{padding-top: 30px !important;padding-right: 30px !important;padding-bottom: 30px !important;padding-left: 30px !important;}&#8221; offset=&#8221;vc_col-lg-4 vc_col-md-4&#8243; el_class=&#8221;mobile-reorder&#8221;][vc_column_text css_animation=&#8221;av5-fadeInUp-long&#8221;]<br \/>\nSe vigila que los animales disfruten de una alimentacion exclusiva y abundante con bellotas durante la \u00e9poca de montanera en la dehesa.<br \/>\n[vc_toggle title=&#8221;CONSUMO&#8221; css_animation=&#8221;av5-fadeInUp-long&#8221; custom_font_container=&#8221;tag:h5|text_align:left&#8221; custom_use_theme_fonts=&#8221;yes&#8221; use_custom_heading=&#8221;true&#8221;]<span class=\"jet-headline__part jet-headline__first\"><span class=\"jet-headline__label\">Antes de un A\u00f1o. El Jam\u00f3n de Bellota siempre que sea conservado en un lugar Seco y Fresco mantendr\u00e1 sus caracter\u00edsticas organol\u00e9pticas y microbiol\u00f3gicas durante este tiempo, pasado este periodo el jam\u00f3n puede ser consumido pero variar\u00e1 sus caracter\u00edsticas organol\u00e9pticas.<\/span><\/span>[\/vc_toggle]<br \/>\n[vc_toggle title=&#8221;COLOR&#8221; css_animation=&#8221;av5-fadeInUp-long&#8221; custom_font_container=&#8221;tag:h5|text_align:left&#8221; custom_use_theme_fonts=&#8221;yes&#8221; use_custom_heading=&#8221;true&#8221;]<span class=\"jet-headline__part jet-headline__first\"><span class=\"jet-headline__label\">El jam\u00f3n pasa del rosa al rojo p\u00farpura en la parte magra y presenta un aspecto brillante de la grasa.<\/span><\/span><span class=\"jet-headline__space\">\u00a0<\/span><span class=\"jet-headline__part jet-headline__second\"><span class=\"jet-headline__label\">En boca, su estructura concentrada deja la evocaci\u00f3n de sus taninos suaves y sucrosos.<\/span><\/span>[\/vc_toggle]<br \/>\n[vc_toggle title=&#8221;OLOR Y SABOR&#8221; css_animation=&#8221;av5-fadeInUp-long&#8221; custom_font_container=&#8221;tag:h5|text_align:left&#8221; custom_use_theme_fonts=&#8221;yes&#8221; use_custom_heading=&#8221;true&#8221;]<br \/>\nJam\u00f3n ib\u00e9rico de sabor especialmente agradable al gusto, poco salado con toques dulces, ausencia de sabores y olores an\u00f3malos.[\/vc_toggle][\/vc_column]<br \/>\n[vc_column width=&#8221;1\/2&#8243;][vc_single_image image=&#8221;2658&#8243; img_size=&#8221;full&#8221; alignment=&#8221;center&#8221; css_animation=&#8221;av5-fadeInLeft-long&#8221;][\/vc_column][\/vc_row]<\/p>\n<\/div>","protected":false},"excerpt":{"rendered":"<ul>\n<li>Chorizo Ib\u00e9rico de Bellota.<\/li>\n<li>Formato de 100 gramos envasado al vac\u00edo.<\/li>\n<\/ul>\n","protected":false},"featured_media":2663,"comment_status":"closed","ping_status":"closed","template":"","meta":{"_themeisle_gutenberg_block_has_review":false},"product_brand":[],"product_cat":[42],"product_tag":[66,67,63],"class_list":{"0":"post-254","1":"product","2":"type-product","3":"status-publish","4":"has-post-thumbnail","6":"product_cat-jamones","7":"product_tag-chorizo","8":"product_tag-iberico","9":"product_tag-jamon","11":"first","12":"instock","13":"shipping-taxable","14":"product-type-simple"},"_links":{"self":[{"href":"https:\/\/bellotaycaviar.com\/sitio\/wp-json\/wp\/v2\/product\/254","targetHints":{"allow":["GET"]}}],"collection":[{"href":"https:\/\/bellotaycaviar.com\/sitio\/wp-json\/wp\/v2\/product"}],"about":[{"href":"https:\/\/bellotaycaviar.com\/sitio\/wp-json\/wp\/v2\/types\/product"}],"replies":[{"embeddable":true,"href":"https:\/\/bellotaycaviar.com\/sitio\/wp-json\/wp\/v2\/comments?post=254"}],"wp:featuredmedia":[{"embeddable":true,"href":"https:\/\/bellotaycaviar.com\/sitio\/wp-json\/wp\/v2\/media\/2663"}],"wp:attachment":[{"href":"https:\/\/bellotaycaviar.com\/sitio\/wp-json\/wp\/v2\/media?parent=254"}],"wp:term":[{"taxonomy":"product_brand","embeddable":true,"href":"https:\/\/bellotaycaviar.com\/sitio\/wp-json\/wp\/v2\/product_brand?post=254"},{"taxonomy":"product_cat","embeddable":true,"href":"https:\/\/bellotaycaviar.com\/sitio\/wp-json\/wp\/v2\/product_cat?post=254"},{"taxonomy":"product_tag","embeddable":true,"href":"https:\/\/bellotaycaviar.com\/sitio\/wp-json\/wp\/v2\/product_tag?post=254"}],"curies":[{"name":"wp","href":"https:\/\/api.w.org\/{rel}","templated":true}]}}