{"id":2412,"date":"2018-05-22T23:14:07","date_gmt":"2018-05-22T23:14:07","guid":{"rendered":"http:\/\/vavenue.lifeis.design\/demos\/vavenue-fave\/?post_type=product&#038;p=1785"},"modified":"2022-10-09T13:38:32","modified_gmt":"2022-10-09T16:38:32","slug":"cana-lomo-bellota","status":"publish","type":"product","link":"https:\/\/bellotaycaviar.com\/sitio\/producto\/cana-lomo-bellota\/","title":{"rendered":"Ca\u00f1a de Lomo Entera de Bellota 100% Ib\u00e9rica"},"content":{"rendered":"<div class=\"wpb-content-wrapper\"><p>[vc_row full_width=&#8221;stretch_row_content_no_spaces&#8221; equal_height=&#8221;yes&#8221; content_placement=&#8221;middle&#8221; css=&#8221;.vc_custom_1533674328555{margin-top: 50px !important;}&#8221;][vc_column css_animation=&#8221;av5-fadeInLeft-long&#8221; width=&#8221;1\/6&#8243; anim_delay=&#8221;50&#8243; offset=&#8221;vc_hidden-sm vc_hidden-xs&#8221;][vc_single_image image=&#8221;2638&#8243; img_size=&#8221;full&#8221; el_class=&#8221;relative av5-floating-block av5-floating_block_distance&#8211;medium&#8221;][\/vc_column][vc_column width=&#8221;1\/2&#8243; max_width_align=&#8221;centered&#8221; max_width_align_tablet=&#8221;centered&#8221; max_width_align_mobile=&#8221;centered&#8221; max_width_align_small=&#8221;centered&#8221; max_width=&#8221;480px&#8221; css=&#8221;.vc_custom_1534025180785{padding-top: 30px !important;padding-right: 30px !important;padding-bottom: 30px !important;padding-left: 30px !important;}&#8221; offset=&#8221;vc_col-lg-4 vc_col-md-4&#8243; el_class=&#8221;mobile-reorder&#8221;][vc_column_text css_animation=&#8221;av5-fadeInUp-long&#8221;]<br \/>\n<b>PRESENTACI\u00d3N<\/b><br \/>\nLa Ca\u00f1a de Lomo de Bellota 100% Ib\u00e9rica es un embutido elaborado de forma completamente artesanal en Jabugo de una pieza entera correspondiente a la masa muscular lumbar. Se caracteriza por tener un aroma potente y fragante, un color tenue granate y ceniza con brillo muy definido, y un suave sabor a piment\u00f3n con recuerdos de humo. Peso aproximado entre 850 g y 1 kg.<br \/>\n[vc_toggle title=&#8221;DEGUSTACION&#8221; css_animation=&#8221;av5-fadeInUp-long&#8221; custom_font_container=&#8221;tag:h5|text_align:left&#8221; custom_use_theme_fonts=&#8221;yes&#8221; use_custom_heading=&#8221;true&#8221;]<span class=\"jet-headline__part jet-headline__first\"><span class=\"jet-headline__label\">Un Jam\u00f3n de Bellota 100% Ib\u00e9rico Cinco Jotas puede ser apreciado por cada uno de los cinco sentidos: su c\u00e1lido tacto al cogerlo con los dedos, su textura jugosa y untuosa al fundirse en la boca, el aroma largo e intenso con recuerdos a bellota y tomillo y finalmente su incre\u00edble sabor, que persiste en el paladar hasta mucho despu\u00e9s de haber terminado.<\/span><\/span>[\/vc_toggle]<br \/>\n[vc_toggle title=&#8221;ORIGEN&#8221; css_animation=&#8221;av5-fadeInUp-long&#8221; custom_font_container=&#8221;tag:h5|text_align:left&#8221; custom_use_theme_fonts=&#8221;yes&#8221; use_custom_heading=&#8221;true&#8221;]<span class=\"jet-headline__part jet-headline__first\"><span class=\"jet-headline__label\">Tradici\u00f3n y artesan\u00eda han sido el sello distintivo de Cinco Jotas durante casi 140 a\u00f1os.<br \/>\nCinco Jotas, legendaria marca, con m\u00e1s de 130 a\u00f1os de experiencia en conservaci\u00f3n de la pureza y autenticidad de los mejores productos del cerdo 100% Ib\u00e9rico en todo el mundo. <\/span><\/span><span class=\"jet-headline__space\">\u00a0<\/span><span class=\"jet-headline__part jet-headline__second\">[\/vc_toggle]<br \/>\n[vc_toggle title=&#8221;SUGERENCIAS&#8221; css_animation=&#8221;av5-fadeInUp-long&#8221; custom_font_container=&#8221;tag:h5|text_align:left&#8221; custom_use_theme_fonts=&#8221;yes&#8221; use_custom_heading=&#8221;true&#8221;]<br \/>\nDegusta los exquisitos maridajes de productos tradicionales de nuestra gastronom\u00eda con uno de los mejores jamones del mundo, como es el Jam\u00f3n de Jabugo Cinco Jotas. Vive la experiencia singular en nuestros restaurantes ubicados en las principales ciudades espa\u00f1olas y en enclaves \u00fanicos que te har\u00e1n vivir unos momentos inolvidables catando el mejor Jam\u00f3n Puro de Bellota. [\/vc_toggle][\/vc_column]<br \/>\n[vc_column width=&#8221;1\/2&#8243;][vc_single_image image=&#8221;2652&#8243; img_size=&#8221;full&#8221; alignment=&#8221;center&#8221; css_animation=&#8221;av5-fadeInLeft-long&#8221;][\/vc_column][\/vc_row]<\/span><\/p>\n<\/div>","protected":false},"excerpt":{"rendered":"<p>La ca\u00f1a de lomo de bellota 100% ib\u00e9rica es un embutido elaborado en Jabugo de forma completamente artesanal.<\/p>\n","protected":false},"featured_media":2651,"comment_status":"closed","ping_status":"closed","template":"","meta":{"_themeisle_gutenberg_block_has_review":false},"product_brand":[],"product_cat":[42],"product_tag":[],"class_list":{"0":"post-2412","1":"product","2":"type-product","3":"status-publish","4":"has-post-thumbnail","6":"product_cat-jamones","8":"first","9":"instock","10":"shipping-taxable","11":"product-type-simple"},"_links":{"self":[{"href":"https:\/\/bellotaycaviar.com\/sitio\/wp-json\/wp\/v2\/product\/2412","targetHints":{"allow":["GET"]}}],"collection":[{"href":"https:\/\/bellotaycaviar.com\/sitio\/wp-json\/wp\/v2\/product"}],"about":[{"href":"https:\/\/bellotaycaviar.com\/sitio\/wp-json\/wp\/v2\/types\/product"}],"replies":[{"embeddable":true,"href":"https:\/\/bellotaycaviar.com\/sitio\/wp-json\/wp\/v2\/comments?post=2412"}],"wp:featuredmedia":[{"embeddable":true,"href":"https:\/\/bellotaycaviar.com\/sitio\/wp-json\/wp\/v2\/media\/2651"}],"wp:attachment":[{"href":"https:\/\/bellotaycaviar.com\/sitio\/wp-json\/wp\/v2\/media?parent=2412"}],"wp:term":[{"taxonomy":"product_brand","embeddable":true,"href":"https:\/\/bellotaycaviar.com\/sitio\/wp-json\/wp\/v2\/product_brand?post=2412"},{"taxonomy":"product_cat","embeddable":true,"href":"https:\/\/bellotaycaviar.com\/sitio\/wp-json\/wp\/v2\/product_cat?post=2412"},{"taxonomy":"product_tag","embeddable":true,"href":"https:\/\/bellotaycaviar.com\/sitio\/wp-json\/wp\/v2\/product_tag?post=2412"}],"curies":[{"name":"wp","href":"https:\/\/api.w.org\/{rel}","templated":true}]}}